{"id":8234,"date":"2024-01-16T12:36:35","date_gmt":"2024-01-16T12:36:35","guid":{"rendered":"https:\/\/www.radiotop.sk\/?page_id=8234"},"modified":"2024-01-16T12:41:40","modified_gmt":"2024-01-16T12:41:40","slug":"pracovne-prilezitosti","status":"publish","type":"page","link":"https:\/\/www.radiotop.sk\/?page_id=8234","title":{"rendered":"Pracovn\u00e9 pr\u00edle\u017eitosti"},"content":{"rendered":"\t\t<div data-elementor-type=\"wp-page\" data-elementor-id=\"8234\" class=\"elementor elementor-8234\" data-elementor-post-type=\"page\">\n\t\t\t\t\t\t\t<div class=\"elementor-element elementor-element-afb2ba9 e-flex e-con-boxed e-con e-parent\" data-id=\"afb2ba9\" data-element_type=\"container\" data-settings=\"{&quot;background_background&quot;:&quot;classic&quot;,&quot;content_width&quot;:&quot;boxed&quot;}\" data-core-v316-plus=\"true\">\n\t\t\t\t\t<div class=\"e-con-inner\">\n\t\t\t\t<div class=\"elementor-element elementor-element-cd19778 elementor-widget-divider--view-line elementor-widget elementor-widget-divider\" data-id=\"cd19778\" data-element_type=\"widget\" data-widget_type=\"divider.default\">\n\t\t\t\t<div class=\"elementor-widget-container\">\n\t\t\t\t\t<div class=\"elementor-divider\">\n\t\t\t<span class=\"elementor-divider-separator\">\n\t\t\t\t\t\t<\/span>\n\t\t<\/div>\n\t\t\t\t<\/div>\n\t\t\t\t<\/div>\n\t\t\t\t\t<\/div>\n\t\t\t\t<\/div>\n\t\t<div class=\"elementor-element elementor-element-000af74 e-flex e-con-boxed e-con e-parent\" data-id=\"000af74\" data-element_type=\"container\" data-settings=\"{&quot;content_width&quot;:&quot;boxed&quot;}\" data-core-v316-plus=\"true\">\n\t\t\t\t\t<div class=\"e-con-inner\">\n\t\t\t\t<div class=\"elementor-element elementor-element-a3b11c4 elementor-widget elementor-widget-proradio-elementor-post-list-horizontal\" data-id=\"a3b11c4\" data-element_type=\"widget\" data-widget_type=\"proradio-elementor-post-list-horizontal.default\">\n\t\t\t\t<div class=\"elementor-widget-container\">\n\t\t\t\t\t\t<div id=\"82d3ac7759a0fbb1fadd0726674ef86e\" class=\"proradio-container proradio-post-list-horizontal\">\n\t\t\t\t<article class=\"proradio-post proradio-paper proradio-post__hor proradio-has-thumb post-88 post type-post status-publish format-standard has-post-thumbnail hentry category-info category-pracovne-pozicie\" data-qtwaypoints>\n\t\t\t<div class=\"proradio-post__header proradio-primary-light proradio-negative\">\n\t\t\t<div class=\"proradio-bgimg proradio-duotone\">\n\t\t\t\t<img decoding=\"async\" width=\"370\" height=\"247\" src=\"https:\/\/www.radiotop.sk\/wp-content\/uploads\/2021\/10\/pr-demo8-post-13.jpg\" class=\"proradio-post__thumb proradio-post__thumb--h wp-post-image\" alt=\"\" \/>\n\t\t\t<\/div>\n\n\t\t\t<a class=\"proradio-post__header__link\" href=\"https:\/\/www.radiotop.sk\/?p=88\"><\/a>\n\t\t\t<div class=\"proradio-actions__cont\">\n\t<div class=\"proradio-actions\">\n\t\t\t\n\t\t\t\t<a href=\"https:\/\/www.radiotop.sk\/?p=88\" class=\"proradio-actionicon\"><i class=\"material-icons\">insert_link<\/i><\/a>\n\t\t\t\n\n\t\t\t\t<span class=\"proradio-actions__a1\">\t\t<a data-ttgreaktions-shareboxfull=\"{&quot;id&quot;:&quot;88&quot;,&quot;shared&quot;:&quot;https:\\\/\\\/www.radiotop.sk\\\/?p=88&quot;,&quot;title&quot;:&quot;PRIDAJTE SA K N\\u00c1M A OBJAVTE SVOJU \\u010eAL\\u0160IU KARI\\u00c9RU V NA\\u0160OM T\\u00cdME!&quot;,&quot;finalUrl&quot;:&quot;https:\\\/\\\/www.radiotop.sk\\\/?p=88&amp;id=88&amp;reaktions-share-fullpage=88&amp;noajax=1&amp;label=Share&amp;btnclass=proradio-btn  proradio-btn__r&amp;secure=45d0db5e2c&quot;}\" href=\"#nojax\" class=\"proradio_reaktions-link \">\n\t\t\t<span class=\"qtli\"><i class=\"reakticons-share\"><\/i><\/span><span class=\"count\">7<\/span>\n\t\t<\/a>\n\t\t<\/span>\n\t\t\n\n\t\t\t\t<span class=\"proradio-actions__a2\">\t\t<a data-ttgreaktions-lovelink class=\"proradio_reaktions-link \" data-post_id=\"88\" href=\"#\">\n\t        <span class=\"qtli\"><i class=\"reakticons-heart\"><\/i><\/span><span class=\"qtli count\">14<\/span>\n\t    <\/a>\n\t\t<\/span>\n\t\t\t<\/div>\n<\/div>\n\n\n\t\t\t\t\n\t\t<\/div>\n\t\t<div class=\"proradio-post__content\">\n\t\t\t<p class=\"proradio-cats\">\n\t<a href=\"https:\/\/www.radiotop.sk\/?cat=3\" class=\"proradio-catid-3\">Info<\/a><\/p>\t\t\t<h3 class=\"proradio-post__title proradio-cutme-t-4\"><a href=\"https:\/\/www.radiotop.sk\/?p=88\">PRIDAJTE SA K N\u00c1M A OBJAVTE SVOJU \u010eAL\u0160IU KARI\u00c9RU V NA\u0160OM T\u00cdME!<\/a><\/h3>\n\t\t\t<div class=\"proradio-excerpt\">\n\t\t\t\t<p>\n\t\t\t\tTOP R\u00e1dio h\u013ead\u00e1 nov\u00e9 talenty! Ak milujete hudbu, komunik\u00e1ciu a chcete prispie\u0165 k tvorbe nezabudnute\u013en\u00e9ho r\u00e1diov\u00e9ho obsahu, pozrite si na\u0161e vo\u013en\u00e9 pracovn\u00e9 poz\u00edcie!\u00a0Kontakt na n\u00e1s:\u00a0info@radiotop.sk\u00a0O948 551 553\u00a0\u00a0\t\t\t\t<\/p>\n\t\t\t<\/div>\n\t\t\t<p class=\"proradio-meta proradio-small\">\n\t\t\t\t<span class=\"proradio-date\"><i class=\"material-icons\">today<\/i>15. janu\u00e1ra 2024<\/span>\t\t\t\t<span><i class=\"reakticons-eye\"><\/i>664<\/span><span><\/span><span>\t\t<a data-ttgreaktions-lovelink class=\"proradio_reaktions-link \" data-post_id=\"88\" href=\"#\">\n\t        <span class=\"qtli\"><i class=\"reakticons-heart\"><\/i><\/span><span class=\"qtli count\">14<\/span>\n\t    <\/a>\n\t\t<\/span><span>\t\t<a data-ttgreaktions-shareboxfull=\"{&quot;id&quot;:&quot;88&quot;,&quot;shared&quot;:&quot;https:\\\/\\\/www.radiotop.sk\\\/?p=88&quot;,&quot;title&quot;:&quot;PRIDAJTE SA K N\\u00c1M A OBJAVTE SVOJU \\u010eAL\\u0160IU KARI\\u00c9RU V NA\\u0160OM T\\u00cdME!&quot;,&quot;finalUrl&quot;:&quot;https:\\\/\\\/www.radiotop.sk\\\/?p=88&amp;id=88&amp;reaktions-share-fullpage=88&amp;noajax=1&amp;label=Share&amp;btnclass=proradio-btn proradio-btn__r&amp;secure=45d0db5e2c&quot;}\" href=\"#nojax\" class=\"proradio_reaktions-link \">\n\t\t\t<span class=\"qtli\"><i class=\"reakticons-share\"><\/i><\/span><span class=\"count\">7<\/span>\n\t\t<\/a>\n\t\t<\/span>\t\t\t<\/p>\n\t\t<\/div>\n\t<\/article>\n\t\t\t<\/div>\n\t\t\t\t\t<\/div>\n\t\t\t\t<\/div>\n\t\t\t\t\t<\/div>\n\t\t\t\t<\/div>\n\t\t\t\t\t\t\t<\/div>\n\t\t","protected":false},"excerpt":{"rendered":"<p>insert_link 2 Info PRIDAJTE SA K N\u00c1M A OBJAVTE SVOJU \u010eAL\u0160IU KARI\u00c9RU V NA\u0160OM T\u00cdME! TOP R\u00e1dio h\u013ead\u00e1 nov\u00e9 talenty! Ak milujete hudbu, komunik\u00e1ciu a chcete prispie\u0165 k tvorbe nezabudnute\u013en\u00e9ho ...<\/p>\n","protected":false},"author":2,"featured_media":0,"parent":8042,"menu_order":0,"comment_status":"closed","ping_status":"closed","template":"page-visualcomposer.php","meta":{"footnotes":""},"class_list":["post-8234","page","type-page","status-publish","hentry"],"_links":{"self":[{"href":"https:\/\/www.radiotop.sk\/index.php?rest_route=\/wp\/v2\/pages\/8234","targetHints":{"allow":["GET"]}}],"collection":[{"href":"https:\/\/www.radiotop.sk\/index.php?rest_route=\/wp\/v2\/pages"}],"about":[{"href":"https:\/\/www.radiotop.sk\/index.php?rest_route=\/wp\/v2\/types\/page"}],"author":[{"embeddable":true,"href":"https:\/\/www.radiotop.sk\/index.php?rest_route=\/wp\/v2\/users\/2"}],"replies":[{"embeddable":true,"href":"https:\/\/www.radiotop.sk\/index.php?rest_route=%2Fwp%2Fv2%2Fcomments&post=8234"}],"version-history":[{"count":7,"href":"https:\/\/www.radiotop.sk\/index.php?rest_route=\/wp\/v2\/pages\/8234\/revisions"}],"predecessor-version":[{"id":8242,"href":"https:\/\/www.radiotop.sk\/index.php?rest_route=\/wp\/v2\/pages\/8234\/revisions\/8242"}],"up":[{"embeddable":true,"href":"https:\/\/www.radiotop.sk\/index.php?rest_route=\/wp\/v2\/pages\/8042"}],"wp:attachment":[{"href":"https:\/\/www.radiotop.sk\/index.php?rest_route=%2Fwp%2Fv2%2Fmedia&parent=8234"}],"curies":[{"name":"wp","href":"https:\/\/api.w.org\/{rel}","templated":true}]}}