{"id":8048,"date":"2024-01-07T20:32:40","date_gmt":"2024-01-07T20:32:40","guid":{"rendered":"https:\/\/www.radiotop.sk\/?page_id=8048"},"modified":"2024-01-24T22:22:02","modified_gmt":"2024-01-24T21:22:02","slug":"zakulisie","status":"publish","type":"page","link":"https:\/\/www.radiotop.sk\/?page_id=8048","title":{"rendered":"REKLAMA"},"content":{"rendered":"\t\t<div data-elementor-type=\"wp-page\" data-elementor-id=\"8048\" class=\"elementor elementor-8048\" data-elementor-post-type=\"page\">\n\t\t\t\t\t\t\t<div class=\"elementor-element elementor-element-44d78ae e-flex e-con-boxed e-con e-parent\" data-id=\"44d78ae\" data-element_type=\"container\" data-settings=\"{&quot;background_background&quot;:&quot;classic&quot;,&quot;content_width&quot;:&quot;boxed&quot;}\" data-core-v316-plus=\"true\">\n\t\t\t\t\t<div class=\"e-con-inner\">\n\t\t\t\t<div class=\"elementor-element elementor-element-559e5ff elementor-widget-divider--view-line elementor-widget elementor-widget-divider\" data-id=\"559e5ff\" data-element_type=\"widget\" data-widget_type=\"divider.default\">\n\t\t\t\t<div class=\"elementor-widget-container\">\n\t\t\t\t\t<div class=\"elementor-divider\">\n\t\t\t<span class=\"elementor-divider-separator\">\n\t\t\t\t\t\t<\/span>\n\t\t<\/div>\n\t\t\t\t<\/div>\n\t\t\t\t<\/div>\n\t\t<div class=\"elementor-element elementor-element-cda5152 e-con-full e-flex e-con e-child\" data-id=\"cda5152\" data-element_type=\"container\" data-settings=\"{&quot;content_width&quot;:&quot;full&quot;,&quot;background_background&quot;:&quot;classic&quot;}\">\n\t\t<div class=\"elementor-element elementor-element-b5fff64 e-con-full e-flex e-con e-child\" data-id=\"b5fff64\" data-element_type=\"container\" data-settings=\"{&quot;content_width&quot;:&quot;full&quot;}\">\n\t\t<div class=\"elementor-element elementor-element-17d3b45 e-flex e-con-boxed e-con e-child\" data-id=\"17d3b45\" data-element_type=\"container\" data-settings=\"{&quot;content_width&quot;:&quot;boxed&quot;}\">\n\t\t\t\t\t<div class=\"e-con-inner\">\n\t\t\t\t<div class=\"elementor-element elementor-element-e0004e8 elementor-widget elementor-widget-heading\" data-id=\"e0004e8\" data-element_type=\"widget\" data-widget_type=\"heading.default\">\n\t\t\t\t<div class=\"elementor-widget-container\">\n\t\t\t<h2 class=\"elementor-heading-title elementor-size-default\">REKLAMA<\/h2>\t\t<\/div>\n\t\t\t\t<\/div>\n\t\t\t\t<div class=\"elementor-element elementor-element-15bc4bc elementor-widget elementor-widget-text-editor\" data-id=\"15bc4bc\" data-element_type=\"widget\" data-widget_type=\"text-editor.default\">\n\t\t\t\t<div class=\"elementor-widget-container\">\n\t\t\t\t\t\t\t<p>Spolu s vami m\u00f4\u017eete rozh\u00fdba\u0165 identitu Va\u0161ej zna\u010dky.\u00a0<span style=\"color: var( --e-global-color-21a71e3 ); text-align: var(--text-align); font-size: 1em; letter-spacing: 0em;\">S mno\u017estvom know-how sk\u00fasenost\u00ed vytv\u00e1rame inovat\u00edvne a nezabudnute\u013ene spotov\u00e9 kampane.<\/span><\/p><p><span style=\"color: var( --e-global-color-21a71e3 ); text-align: var(--text-align); font-size: 1em; letter-spacing: 0em;\">Kontakt na n\u00e1s:<\/span><\/p><p><span style=\"color: var( --e-global-color-21a71e3 ); text-align: var(--text-align); font-size: 1em; letter-spacing: 0em;\">info@radiotop.sk<\/span><\/p><p>0948 441 448<\/p>\t\t\t\t\t\t<\/div>\n\t\t\t\t<\/div>\n\t\t\t\t\t<\/div>\n\t\t\t\t<\/div>\n\t\t<div class=\"elementor-element elementor-element-8538099 e-flex e-con-boxed e-con e-child\" data-id=\"8538099\" data-element_type=\"container\" data-settings=\"{&quot;background_background&quot;:&quot;classic&quot;,&quot;content_width&quot;:&quot;boxed&quot;}\">\n\t\t\t\t\t<div class=\"e-con-inner\">\n\t\t\t\t\t<\/div>\n\t\t\t\t<\/div>\n\t\t\t\t<\/div>\n\t\t\t\t<\/div>\n\t\t\t\t\t<\/div>\n\t\t\t\t<\/div>\n\t\t\t\t\t\t\t<\/div>\n\t\t","protected":false},"excerpt":{"rendered":"<p>REKLAMA Spolu s vami m\u00f4\u017eete rozh\u00fdba\u0165 identitu Va\u0161ej zna\u010dky.\u00a0S mno\u017estvom know-how sk\u00fasenost\u00ed vytv\u00e1rame inovat\u00edvne a nezabudnute\u013ene spotov\u00e9 kampane. Kontakt na n\u00e1s: info@radiotop.sk 0948 441 448<\/p>\n","protected":false},"author":2,"featured_media":0,"parent":0,"menu_order":0,"comment_status":"closed","ping_status":"closed","template":"page-visualcomposer.php","meta":{"footnotes":""},"class_list":["post-8048","page","type-page","status-publish","hentry"],"_links":{"self":[{"href":"https:\/\/www.radiotop.sk\/index.php?rest_route=\/wp\/v2\/pages\/8048","targetHints":{"allow":["GET"]}}],"collection":[{"href":"https:\/\/www.radiotop.sk\/index.php?rest_route=\/wp\/v2\/pages"}],"about":[{"href":"https:\/\/www.radiotop.sk\/index.php?rest_route=\/wp\/v2\/types\/page"}],"author":[{"embeddable":true,"href":"https:\/\/www.radiotop.sk\/index.php?rest_route=\/wp\/v2\/users\/2"}],"replies":[{"embeddable":true,"href":"https:\/\/www.radiotop.sk\/index.php?rest_route=%2Fwp%2Fv2%2Fcomments&post=8048"}],"version-history":[{"count":14,"href":"https:\/\/www.radiotop.sk\/index.php?rest_route=\/wp\/v2\/pages\/8048\/revisions"}],"predecessor-version":[{"id":8576,"href":"https:\/\/www.radiotop.sk\/index.php?rest_route=\/wp\/v2\/pages\/8048\/revisions\/8576"}],"wp:attachment":[{"href":"https:\/\/www.radiotop.sk\/index.php?rest_route=%2Fwp%2Fv2%2Fmedia&parent=8048"}],"curies":[{"name":"wp","href":"https:\/\/api.w.org\/{rel}","templated":true}]}}